{"id":3044,"date":"2020-06-10T04:21:57","date_gmt":"2020-06-10T01:21:57","guid":{"rendered":"https:\/\/standard.md\/?page_id=3044"},"modified":"2022-02-14T08:55:31","modified_gmt":"2022-02-14T06:55:31","slug":"informatii-generale","status":"publish","type":"page","link":"https:\/\/standard.md\/?page_id=3044","title":{"rendered":"Informa\u021bii generale"},"content":{"rendered":"<p><span style=\"font-weight: 400;\">Institutul de Standardizare din Moldova (ISM) reprezint\u0103 unicul organism na\u0163ional de standardizare recunoscut pe \u00eentreg teritoriul Republicii Moldova.<\/span><\/p>\n<p><span style=\"font-weight: 400;\">ISM este o institu\u0163ie public\u0103, \u00een care Ministerul Economiei, organul central de specialitate al administra\u0163iei publice responsabil de infrastructura calit\u0103\u0163ii, exercit\u0103 calitate de fondator.<\/span><\/p>\n<p><span style=\"font-weight: 400;\">Institutul \u00ee\u015fi desf\u0103\u015foar\u0103 activitatea \u00een conformitate cu legisla\u0163ia \u00een vigoare, tratatele interna\u0163ionale la care Republica Moldova este parte, precum \u015fi cele semnate de c\u0103tre ISM \u00een calitate de organism na\u0163ional de standardizare \u015fi <\/span><a href=\"https:\/\/www.legis.md\/cautare\/getResults?doc_id=110596&amp;lang=ro\"><span style=\"font-weight: 400;\">Regulamentul pentru organizarea \u015fi func\u0163ionarea Institutului de Standardizare din Moldova<\/span><\/a><span style=\"font-weight: 400;\">.<\/span><\/p>\n<p><span style=\"font-weight: 400;\">ISM tinde s\u0103 contribuie la cre\u015fterea competitivit\u0103\u0163ii economiei na\u0163ionale, a bun\u0103st\u0103rii popula\u0163iei \u015fi sporirea utiliz\u0103rii durabile a resurselor prin adoptarea \u00een calitate de standarde moldovene\u015fti \u015fi asigurarea disponibilit\u0103\u0163ii publice a standardelor europene \u015fi interna\u0163ionale, precum \u015fi prin promovarea standardelor \u015fi standardiz\u0103rii.<\/span><\/p>\n<p><span style=\"font-weight: 400;\">ISM are urm\u0103toarele func\u0163ii de baz\u0103:<\/span><\/p>\n<ol>\n<li><span style=\"font-weight: 400;\">asigurarea disponibilit\u0103\u0163ii publice a documentelor de standardizare;<\/span><\/li>\n<li>promovarea standardelor \u015fi a standardiz\u0103rii;<\/li>\n<li>organizarea instruirilor \u015fi perfec\u0163ion\u0103rii continue \u00een domeniul standardiz\u0103rii;<\/li>\n<li>consolidarea continu\u0103 a sistemului na\u0163ional de standardizare.<\/li>\n<\/ol>\n<p><\/p>","protected":false},"excerpt":{"rendered":"<p>Institutul de Standardizare din Moldova (ISM) reprezint\u0103 unicul organism na\u0163ional de standardizare recunoscut pe \u00eentreg teritoriul Republicii Moldova. ISM este<\/p>\n","protected":false},"author":3,"featured_media":0,"parent":3042,"menu_order":0,"comment_status":"closed","ping_status":"closed","template":"","meta":[],"yoast_head":"<!-- This site is optimized with the Yoast SEO plugin v18.1 - https:\/\/yoast.com\/wordpress\/plugins\/seo\/ -->\n<title>Informa\u021bii generale - Standard<\/title>\n<meta name=\"robots\" content=\"index, follow, max-snippet:-1, max-image-preview:large, max-video-preview:-1\" \/>\n<link rel=\"canonical\" href=\"https:\/\/standard.md\/?page_id=3044\" \/>\n<meta property=\"og:locale\" content=\"ro_RO\" \/>\n<meta property=\"og:type\" content=\"article\" \/>\n<meta property=\"og:title\" content=\"Informa\u021bii generale - Standard\" \/>\n<meta property=\"og:description\" content=\"Institutul de Standardizare din Moldova (ISM) reprezint\u0103 unicul organism na\u0163ional de standardizare recunoscut pe \u00eentreg teritoriul Republicii Moldova. ISM este\" \/>\n<meta property=\"og:url\" content=\"https:\/\/standard.md\/?page_id=3044\" \/>\n<meta property=\"og:site_name\" content=\"Standard\" \/>\n<meta property=\"article:modified_time\" content=\"2022-02-14T06:55:31+00:00\" \/>\n<meta property=\"og:image\" content=\"https:\/\/standard.md\/wp-content\/uploads\/2023\/05\/macheta-omenirea-comunica-prin-standarde.jpg\" \/>\n\t<meta property=\"og:image:width\" content=\"1920\" \/>\n\t<meta property=\"og:image:height\" content=\"1080\" \/>\n\t<meta property=\"og:image:type\" content=\"image\/jpeg\" \/>\n<meta name=\"twitter:card\" content=\"summary_large_image\" \/>\n<meta name=\"twitter:label1\" content=\"Timp estimat pentru citire\" \/>\n\t<meta name=\"twitter:data1\" content=\"1 minut\" \/>\n<script type=\"application\/ld+json\" class=\"yoast-schema-graph\">{\"@context\":\"https:\/\/schema.org\",\"@graph\":[{\"@type\":\"Organization\",\"@id\":\"https:\/\/standard.md\/#organization\",\"name\":\"ISM\",\"url\":\"https:\/\/standard.md\/\",\"sameAs\":[],\"logo\":{\"@type\":\"ImageObject\",\"@id\":\"https:\/\/standard.md\/#logo\",\"inLanguage\":\"ro-RO\",\"url\":\"https:\/\/standard.md\/wp-content\/uploads\/2022\/09\/logo-ism.jpg\",\"contentUrl\":\"https:\/\/standard.md\/wp-content\/uploads\/2022\/09\/logo-ism.jpg\",\"width\":200,\"height\":200,\"caption\":\"ISM\"},\"image\":{\"@id\":\"https:\/\/standard.md\/#logo\"}},{\"@type\":\"WebSite\",\"@id\":\"https:\/\/standard.md\/#website\",\"url\":\"https:\/\/standard.md\/\",\"name\":\"Standard\",\"description\":\"Institutul de Standardizare din Moldova\",\"publisher\":{\"@id\":\"https:\/\/standard.md\/#organization\"},\"potentialAction\":[{\"@type\":\"SearchAction\",\"target\":{\"@type\":\"EntryPoint\",\"urlTemplate\":\"https:\/\/standard.md\/?s={search_term_string}\"},\"query-input\":\"required name=search_term_string\"}],\"inLanguage\":\"ro-RO\"},{\"@type\":\"WebPage\",\"@id\":\"https:\/\/standard.md\/?page_id=3044#webpage\",\"url\":\"https:\/\/standard.md\/?page_id=3044\",\"name\":\"Informa\u021bii generale - Standard\",\"isPartOf\":{\"@id\":\"https:\/\/standard.md\/#website\"},\"datePublished\":\"2020-06-10T01:21:57+00:00\",\"dateModified\":\"2022-02-14T06:55:31+00:00\",\"breadcrumb\":{\"@id\":\"https:\/\/standard.md\/?page_id=3044#breadcrumb\"},\"inLanguage\":\"ro-RO\",\"potentialAction\":[{\"@type\":\"ReadAction\",\"target\":[\"https:\/\/standard.md\/index.php?rest_route=%2Fwp%2Fv2%2Fpages%2F3044\"]}]},{\"@type\":\"BreadcrumbList\",\"@id\":\"https:\/\/standard.md\/?page_id=3044#breadcrumb\",\"itemListElement\":[{\"@type\":\"ListItem\",\"position\":1,\"name\":\"Prima pagin\u0103\",\"item\":\"https:\/\/standard.md\/\"},{\"@type\":\"ListItem\",\"position\":2,\"name\":\"Despre ISM\",\"item\":\"https:\/\/standard.md\/?page_id=3042\"},{\"@type\":\"ListItem\",\"position\":3,\"name\":\"Informa\u021bii generale\"}]}]}<\/script>\n<!-- \/ Yoast SEO plugin. -->","yoast_head_json":{"title":"Informa\u021bii generale - Standard","robots":{"index":"index","follow":"follow","max-snippet":"max-snippet:-1","max-image-preview":"max-image-preview:large","max-video-preview":"max-video-preview:-1"},"canonical":"https:\/\/standard.md\/?page_id=3044","og_locale":"ro_RO","og_type":"article","og_title":"Informa\u021bii generale - Standard","og_description":"Institutul de Standardizare din Moldova (ISM) reprezint\u0103 unicul organism na\u0163ional de standardizare recunoscut pe \u00eentreg teritoriul Republicii Moldova. ISM este","og_url":"https:\/\/standard.md\/?page_id=3044","og_site_name":"Standard","article_modified_time":"2022-02-14T06:55:31+00:00","og_image":[{"width":1920,"height":1080,"url":"https:\/\/standard.md\/wp-content\/uploads\/2023\/05\/macheta-omenirea-comunica-prin-standarde.jpg","type":"image\/jpeg"}],"twitter_card":"summary_large_image","twitter_misc":{"Timp estimat pentru citire":"1 minut"},"schema":{"@context":"https:\/\/schema.org","@graph":[{"@type":"Organization","@id":"https:\/\/standard.md\/#organization","name":"ISM","url":"https:\/\/standard.md\/","sameAs":[],"logo":{"@type":"ImageObject","@id":"https:\/\/standard.md\/#logo","inLanguage":"ro-RO","url":"https:\/\/standard.md\/wp-content\/uploads\/2022\/09\/logo-ism.jpg","contentUrl":"https:\/\/standard.md\/wp-content\/uploads\/2022\/09\/logo-ism.jpg","width":200,"height":200,"caption":"ISM"},"image":{"@id":"https:\/\/standard.md\/#logo"}},{"@type":"WebSite","@id":"https:\/\/standard.md\/#website","url":"https:\/\/standard.md\/","name":"Standard","description":"Institutul de Standardizare din Moldova","publisher":{"@id":"https:\/\/standard.md\/#organization"},"potentialAction":[{"@type":"SearchAction","target":{"@type":"EntryPoint","urlTemplate":"https:\/\/standard.md\/?s={search_term_string}"},"query-input":"required name=search_term_string"}],"inLanguage":"ro-RO"},{"@type":"WebPage","@id":"https:\/\/standard.md\/?page_id=3044#webpage","url":"https:\/\/standard.md\/?page_id=3044","name":"Informa\u021bii generale - Standard","isPartOf":{"@id":"https:\/\/standard.md\/#website"},"datePublished":"2020-06-10T01:21:57+00:00","dateModified":"2022-02-14T06:55:31+00:00","breadcrumb":{"@id":"https:\/\/standard.md\/?page_id=3044#breadcrumb"},"inLanguage":"ro-RO","potentialAction":[{"@type":"ReadAction","target":["https:\/\/standard.md\/index.php?rest_route=%2Fwp%2Fv2%2Fpages%2F3044"]}]},{"@type":"BreadcrumbList","@id":"https:\/\/standard.md\/?page_id=3044#breadcrumb","itemListElement":[{"@type":"ListItem","position":1,"name":"Prima pagin\u0103","item":"https:\/\/standard.md\/"},{"@type":"ListItem","position":2,"name":"Despre ISM","item":"https:\/\/standard.md\/?page_id=3042"},{"@type":"ListItem","position":3,"name":"Informa\u021bii generale"}]}]}},"_links":{"self":[{"href":"https:\/\/standard.md\/index.php?rest_route=\/wp\/v2\/pages\/3044"}],"collection":[{"href":"https:\/\/standard.md\/index.php?rest_route=\/wp\/v2\/pages"}],"about":[{"href":"https:\/\/standard.md\/index.php?rest_route=\/wp\/v2\/types\/page"}],"author":[{"embeddable":true,"href":"https:\/\/standard.md\/index.php?rest_route=\/wp\/v2\/users\/3"}],"replies":[{"embeddable":true,"href":"https:\/\/standard.md\/index.php?rest_route=%2Fwp%2Fv2%2Fcomments&post=3044"}],"version-history":[{"count":5,"href":"https:\/\/standard.md\/index.php?rest_route=\/wp\/v2\/pages\/3044\/revisions"}],"predecessor-version":[{"id":7271,"href":"https:\/\/standard.md\/index.php?rest_route=\/wp\/v2\/pages\/3044\/revisions\/7271"}],"up":[{"embeddable":true,"href":"https:\/\/standard.md\/index.php?rest_route=\/wp\/v2\/pages\/3042"}],"wp:attachment":[{"href":"https:\/\/standard.md\/index.php?rest_route=%2Fwp%2Fv2%2Fmedia&parent=3044"}],"curies":[{"name":"wp","href":"https:\/\/api.w.org\/{rel}","templated":true}]}}