{"id":3151,"date":"2020-06-10T04:25:26","date_gmt":"2020-06-10T01:25:26","guid":{"rendered":"https:\/\/standard.md\/?page_id=3151"},"modified":"2022-03-22T14:38:13","modified_gmt":"2022-03-22T12:38:13","slug":"misiune-viziune-valori","status":"publish","type":"page","link":"https:\/\/standard.md\/?page_id=3151","title":{"rendered":"Misiune viziune valori"},"content":{"rendered":"<p>[vc_row full_width=&#8221;stretch_row_content&#8221; content_placement=&#8221;middle&#8221;][vc_column width=&#8221;1\/2&#8243; css=&#8221;.vc_custom_1643630972653{padding-top: 8vh !important;padding-bottom: 4vh !important;background-position: center !important;background-repeat: no-repeat !important;background-size: cover !important;}&#8221; mobile_bg_img_hidden=&#8221;no&#8221; tablet_bg_img_hidden=&#8221;no&#8221; woodmart_parallax=&#8221;0&#8243; woodmart_sticky_column=&#8221;false&#8221; parallax_scroll=&#8221;no&#8221; mobile_reset_margin=&#8221;no&#8221; tablet_reset_margin=&#8221;no&#8221;][vc_single_image image=&#8221;3463&#8243; img_size=&#8221;900&#215;571&#8243; alignment=&#8221;right&#8221; scroll_x=&#8221;0&#8243; scroll_y=&#8221;-80&#8243; scroll_z=&#8221;0&#8243; parallax_scroll=&#8221;yes&#8221; css=&#8221;.vc_custom_1604311608783{margin-right: -60px !important;margin-bottom: 0px !important;padding-top: 4vh !important;padding-bottom: 4vh !important;}&#8221;][\/vc_column][vc_column width=&#8221;1\/2&#8243; scroll_x=&#8221;0&#8243; scroll_y=&#8221;80&#8243; scroll_z=&#8221;0&#8243; parallax_scroll=&#8221;yes&#8221; css=&#8221;.vc_custom_1523439152958{padding-top: 8vh !important;padding-right: 15% !important;padding-bottom: 8vh !important;padding-left: 15% !important;}&#8221;]\t\n\t\t\t<div id=\"wd-620a075bb3c14\" class=\"woodmart-text-block-wrapper color-scheme-dark woodmart-title-size-extra-large woodmart-title-width-90 text-left vc_custom_1644824414564\">\n\t\t\t\t<div class=\"woodmart-title-container woodmart-text-block font-primary woodmart-font-weight-600\">\n\t\t\t\t\tMisiune\t\t\t\t<\/div>\n\t\t\t\t\t\n\t\t\t<\/div>\n\t\t\t\n\t\t\t<div id=\"wd-6239c327894d6\" class=\"woodmart-text-block-wrapper color-scheme- woodmart-title-size-custom woodmart-title-width-90 text-left vc_custom_1647952696380\">\n\t\t\t\t<div class=\"woodmart-title-container woodmart-text-block font-text woodmart-font-weight-400\">\n\t\t\t\t\tReprezent\u00e2nd o verig\u0103 esen\u021bial\u0103 \u00een rela\u021bia cet\u0103\u021bean &#8211; mediu de afaceri &#8211; stat, ISM are misiunea ca, prin oferirea accesului la standarde, s\u0103 sus\u021bin\u0103 eforturile continue ale utilizatorilor \u00een implementarea acestora \u0219i s\u0103 contribuie astfel la succesul \u0219i inova\u021bia economiei na\u021bionale.\t\t\t\t<\/div>\n\t\t\t\t\t\n\t\t\t<\/div>\n\t\t[\/vc_column][\/vc_row][vc_row full_width=&#8221;stretch_row_content&#8221; content_placement=&#8221;middle&#8221; row_reverse_mobile=&#8221;1&#8243;][vc_column width=&#8221;1\/2&#8243; scroll_x=&#8221;0&#8243; scroll_y=&#8221;-80&#8243; scroll_z=&#8221;0&#8243; parallax_scroll=&#8221;yes&#8221; css=&#8221;.vc_custom_1535377722792{margin-bottom: 4vh !important;padding-top: 8vh !important;padding-right: 15% !important;padding-bottom: 8vh !important;padding-left: 15% !important;}&#8221;]\t\n\t\t\t<div id=\"wd-620a0782db9f6\" class=\"woodmart-text-block-wrapper color-scheme-dark woodmart-title-size-extra-large woodmart-title-width-90 text-left vc_custom_1644824454297\">\n\t\t\t\t<div class=\"woodmart-title-container woodmart-text-block font-primary woodmart-font-weight-600\">\n\t\t\t\t\t<\/p>\n<p style=\"font-weight: 400;\">Viziune<\/p>\n<p>\t\t\t\t<\/div>\n\t\t\t\t\t\n\t\t\t<\/div>\n\t\t\t\n\t\t\t<div id=\"wd-5fa253dd7b27b\" class=\"woodmart-text-block-wrapper color-scheme- woodmart-title-size-custom woodmart-title-width-90 text-left vc_custom_1604473853377\">\n\t\t\t\t<div class=\"woodmart-title-container woodmart-text-block font-text woodmart-font-weight-400\">\n\t\t\t\t\t<\/p>\n<p style=\"font-weight: 400;\">Viziunea ISM este s\u0103 se prezinte ca un organism de standardizare activ \u0219i modern pe plan na\u021bional, regional \u0219i interna\u021bional, un exemplu pentru alte organisme na\u021bionale de standardizare.<\/p>\n<p>\t\t\t\t<\/div>\n\t\t\t\t\t\n\t\t\t<\/div>\n\t\t[\/vc_column][vc_column width=&#8221;1\/2&#8243; css=&#8221;.vc_custom_1643630987208{margin-bottom: 4vh !important;padding-top: 4vh !important;padding-bottom: 8vh !important;background-position: center !important;background-repeat: no-repeat !important;background-size: cover !important;}&#8221; mobile_bg_img_hidden=&#8221;no&#8221; tablet_bg_img_hidden=&#8221;no&#8221; woodmart_parallax=&#8221;0&#8243; woodmart_sticky_column=&#8221;false&#8221; parallax_scroll=&#8221;no&#8221; mobile_reset_margin=&#8221;no&#8221; tablet_reset_margin=&#8221;no&#8221;][vc_single_image image=&#8221;3467&#8243; img_size=&#8221;900&#215;571&#8243; scroll_x=&#8221;0&#8243; scroll_y=&#8221;80&#8243; scroll_z=&#8221;0&#8243; parallax_scroll=&#8221;yes&#8221; css=&#8221;.vc_custom_1604312095653{margin-bottom: 0px !important;margin-left: -60px !important;padding-top: 4vh !important;padding-bottom: 4vh !important;}&#8221;][\/vc_column][\/vc_row][vc_row full_width=&#8221;stretch_row_content&#8221; content_placement=&#8221;middle&#8221;][vc_column width=&#8221;1\/2&#8243; css=&#8221;.vc_custom_1643630997093{padding-top: 8vh !important;padding-bottom: 4vh !important;background-position: center !important;background-repeat: no-repeat !important;background-size: cover !important;}&#8221; mobile_bg_img_hidden=&#8221;no&#8221; tablet_bg_img_hidden=&#8221;no&#8221; woodmart_parallax=&#8221;0&#8243; woodmart_sticky_column=&#8221;false&#8221; parallax_scroll=&#8221;no&#8221; mobile_reset_margin=&#8221;no&#8221; tablet_reset_margin=&#8221;no&#8221;][vc_single_image image=&#8221;3469&#8243; img_size=&#8221;900&#215;571&#8243; alignment=&#8221;right&#8221; scroll_x=&#8221;0&#8243; scroll_y=&#8221;-80&#8243; scroll_z=&#8221;0&#8243; parallax_scroll=&#8221;yes&#8221; css=&#8221;.vc_custom_1604313937082{margin-right: -60px !important;margin-bottom: 0px !important;padding-top: 4vh !important;padding-bottom: 4vh !important;}&#8221;][\/vc_column][vc_column width=&#8221;1\/2&#8243; scroll_x=&#8221;0&#8243; scroll_y=&#8221;80&#8243; scroll_z=&#8221;0&#8243; parallax_scroll=&#8221;yes&#8221; css=&#8221;.vc_custom_1604310322571{padding-top: 8vh !important;padding-right: 15% !important;padding-bottom: 8vh !important;padding-left: 15% !important;}&#8221; mobile_bg_img_hidden=&#8221;no&#8221; tablet_bg_img_hidden=&#8221;no&#8221; woodmart_parallax=&#8221;0&#8243; woodmart_sticky_column=&#8221;false&#8221; mobile_reset_margin=&#8221;no&#8221; tablet_reset_margin=&#8221;no&#8221;]\t\n\t\t\t<div id=\"wd-5f9fd55262b0b\" class=\"woodmart-text-block-wrapper color-scheme-custom woodmart-title-size-custom woodmart-title-width-100 text-right vc_custom_1604310361183 hidden-xs\">\n\t\t\t\t<div class=\"woodmart-title-container woodmart-text-block font-primary woodmart-font-weight-700\">\n\t\t\t\t\t\t\t\t\t<\/div>\n\t\t\t\t\t\n\t\t\t<\/div>\n\t\t\t\n\t\t\t<div id=\"wd-5f9fdc5395f2e\" class=\"woodmart-text-block-wrapper color-scheme-dark woodmart-title-size-extra-large woodmart-title-width-90 text-left vc_custom_1604312155524\">\n\t\t\t\t<div class=\"woodmart-title-container woodmart-text-block font-primary woodmart-font-weight-600\">\n\t\t\t\t\tValori\t\t\t\t<\/div>\n\t\t\t\t\t\n\t\t\t<\/div>\n\t\t\t\n\t\t\t<div id=\"wd-61f7d5bb218ce\" class=\"woodmart-text-block-wrapper color-scheme- woodmart-title-size-custom woodmart-title-width-90 text-left vc_custom_1643632079522\">\n\t\t\t\t<div class=\"woodmart-title-container woodmart-text-block font-text woodmart-font-weight-400\">\n\t\t\t\t\tValorile umane constituie fundamentul culturii noastre institu\u0163ionale. Succesul \u00eentrune\u015fte un ansamblu de calit\u0103\u0163i precum profesionalismul, lucru \u00een echip\u0103, tendin\u0163a spre dezvoltare \u015fi inova\u0163ie, transparen\u0163a. Aceste valori definesc comunicarea noastr\u0103 cu partenerii \u015fi clien\u0163ii, precum \u0219i comunicarea \u00een cadrul ISM \u015fi ne ajut\u0103 s\u0103 activ\u0103m ca o echip\u0103<span style=\"font-weight: 400;\">.<\/span><\/p>\n<p><strong>\u00a0Profesionalism<\/strong><\/p>\n<p>Ne asum\u0103m obliga\u0163iile \u015fi le \u00eendeplinim cu o maxim\u0103 responsabilitate. Angaja\u0163ii no\u015ftri dispun de cuno\u015ftin\u0163e profesionale vaste, manifest\u0103 o atitudine responsabil\u0103 \u015fi con\u015ftiincioas\u0103 fa\u0163\u0103 de atribu\u021biile lor. Tindem spre dezvoltare, c\u0103ut\u0103m noi oportunit\u0103\u0163i \u015fi acord\u0103m interes sporit activit\u0103\u021bii realizate.<\/p>\n<p><strong>\u00a0Lucru \u00een echip\u0103<\/strong><\/p>\n<p>Suntem o echip\u0103, \u00eemp\u0103rt\u0103\u015fim aceea\u015fi viziune \u015fi stabilim obiective care conduc\u00a0ISM\u00a0spre succes. Ac\u0163iunile noastre se fundamenteaz\u0103 pe \u00eencredere, responsabilitate, dezvoltare \u015fi implementare \u00een comun a solu\u0163iilor, se bazeaz\u0103 pe utilizarea poten\u0163ialului \u015fi a profesionalismului tuturor membrilor echipei. Fiecare rezultat ob\u021binut de\u00a0ISM\u00a0este o realizare la care a contribuit \u00eentreaga echip\u0103.<\/p>\n<p><strong>\u00a0Tendin\u0163\u0103 spre dezvoltare \u015fi inova\u0163ie<\/strong><\/p>\n<p>Cre\u0103m condi\u0163ii pentru dezvoltarea capacit\u0103\u0163ilor angaja\u0163ilor no\u0219tri, implement\u0103m solu\u021bii \u015fi metode de lucru noi, \u00eembun\u0103t\u0103\u0163im constant calitatea proceselor de munc\u0103 \u015fi de management. Desf\u0103\u015fur\u00eend activitatea, inspir\u0103m partenerilor \u015fi clien\u0163ilor \u00eencrederea \u00een\u00a0ISM, contribuim la dezvoltarea cu succes a standardiz\u0103rii na\u021bionale.<\/p>\n<p><strong>\u00a0Transparen\u0163\u0103<\/strong><\/p>\n<p>Tindem ca fiecare parte interesat\u0103 s\u0103 dispun\u0103 de posibilitatea de a contribui la realizarea sarcinilor comune. \u00cen acest scop, facem publice informa\u021biile viz\u00eend activitatea\u00a0ISM, asigur\u00eend astfel o cooperare bazat\u0103 pe \u00eencredere. Feedback-ul p\u0103r\u021bilor interesate este esen\u0163ial pentru dezvoltarea \u00een direc\u0163ia necesar\u0103 a\u00a0ISM\u00a0\u0219i genereaz\u0103 schimb\u0103ri care reflect\u0103 necesit\u0103\u021bile reale ale societ\u0103\u0163ii \u015fi business-ului.\t\t\t\t<\/div>\n\t\t\t\t\t\n\t\t\t<\/div>\n\t\t[\/vc_column][\/vc_row]<\/p>","protected":false},"excerpt":{"rendered":"<p>[vc_row full_width=&#8221;stretch_row_content&#8221; content_placement=&#8221;middle&#8221;][vc_column width=&#8221;1\/2&#8243; css=&#8221;.vc_custom_1643630972653{padding-top: 8vh !important;padding-bottom: 4vh !important;background-position: center !important;background-repeat: no-repeat !important;background-size: cover !important;}&#8221; mobile_bg_img_hidden=&#8221;no&#8221; tablet_bg_img_hidden=&#8221;no&#8221; woodmart_parallax=&#8221;0&#8243; woodmart_sticky_column=&#8221;false&#8221; parallax_scroll=&#8221;no&#8221;<\/p>\n","protected":false},"author":3,"featured_media":0,"parent":3044,"menu_order":0,"comment_status":"closed","ping_status":"closed","template":"","meta":[],"yoast_head":"<!-- This site is optimized with the Yoast SEO plugin v18.1 - https:\/\/yoast.com\/wordpress\/plugins\/seo\/ -->\n<title>Misiune viziune valori - Standard<\/title>\n<meta name=\"robots\" content=\"index, follow, max-snippet:-1, max-image-preview:large, max-video-preview:-1\" \/>\n<link rel=\"canonical\" href=\"https:\/\/standard.md\/?page_id=3151\" \/>\n<meta property=\"og:locale\" content=\"ro_RO\" \/>\n<meta property=\"og:type\" content=\"article\" \/>\n<meta property=\"og:title\" content=\"Misiune viziune valori - Standard\" \/>\n<meta property=\"og:description\" content=\"[vc_row full_width=&#8221;stretch_row_content&#8221; content_placement=&#8221;middle&#8221;][vc_column width=&#8221;1\/2&#8243; css=&#8221;.vc_custom_1643630972653{padding-top: 8vh !important;padding-bottom: 4vh !important;background-position: center !important;background-repeat: no-repeat !important;background-size: cover !important;}&#8221; mobile_bg_img_hidden=&#8221;no&#8221; tablet_bg_img_hidden=&#8221;no&#8221; woodmart_parallax=&#8221;0&#8243; woodmart_sticky_column=&#8221;false&#8221; parallax_scroll=&#8221;no&#8221;\" \/>\n<meta property=\"og:url\" content=\"https:\/\/standard.md\/?page_id=3151\" \/>\n<meta property=\"og:site_name\" content=\"Standard\" \/>\n<meta property=\"article:modified_time\" content=\"2022-03-22T12:38:13+00:00\" \/>\n<meta property=\"og:image\" content=\"https:\/\/standard.md\/wp-content\/uploads\/2023\/05\/macheta-omenirea-comunica-prin-standarde.jpg\" \/>\n\t<meta property=\"og:image:width\" content=\"1920\" \/>\n\t<meta property=\"og:image:height\" content=\"1080\" \/>\n\t<meta property=\"og:image:type\" content=\"image\/jpeg\" \/>\n<meta name=\"twitter:card\" content=\"summary_large_image\" \/>\n<meta name=\"twitter:label1\" content=\"Timp estimat pentru citire\" \/>\n\t<meta name=\"twitter:data1\" content=\"4 minute\" \/>\n<script type=\"application\/ld+json\" class=\"yoast-schema-graph\">{\"@context\":\"https:\/\/schema.org\",\"@graph\":[{\"@type\":\"Organization\",\"@id\":\"https:\/\/standard.md\/#organization\",\"name\":\"ISM\",\"url\":\"https:\/\/standard.md\/\",\"sameAs\":[],\"logo\":{\"@type\":\"ImageObject\",\"@id\":\"https:\/\/standard.md\/#logo\",\"inLanguage\":\"ro-RO\",\"url\":\"https:\/\/standard.md\/wp-content\/uploads\/2022\/09\/logo-ism.jpg\",\"contentUrl\":\"https:\/\/standard.md\/wp-content\/uploads\/2022\/09\/logo-ism.jpg\",\"width\":200,\"height\":200,\"caption\":\"ISM\"},\"image\":{\"@id\":\"https:\/\/standard.md\/#logo\"}},{\"@type\":\"WebSite\",\"@id\":\"https:\/\/standard.md\/#website\",\"url\":\"https:\/\/standard.md\/\",\"name\":\"Standard\",\"description\":\"Institutul de Standardizare din Moldova\",\"publisher\":{\"@id\":\"https:\/\/standard.md\/#organization\"},\"potentialAction\":[{\"@type\":\"SearchAction\",\"target\":{\"@type\":\"EntryPoint\",\"urlTemplate\":\"https:\/\/standard.md\/?s={search_term_string}\"},\"query-input\":\"required name=search_term_string\"}],\"inLanguage\":\"ro-RO\"},{\"@type\":\"WebPage\",\"@id\":\"https:\/\/standard.md\/?page_id=3151#webpage\",\"url\":\"https:\/\/standard.md\/?page_id=3151\",\"name\":\"Misiune viziune valori - Standard\",\"isPartOf\":{\"@id\":\"https:\/\/standard.md\/#website\"},\"datePublished\":\"2020-06-10T01:25:26+00:00\",\"dateModified\":\"2022-03-22T12:38:13+00:00\",\"breadcrumb\":{\"@id\":\"https:\/\/standard.md\/?page_id=3151#breadcrumb\"},\"inLanguage\":\"ro-RO\",\"potentialAction\":[{\"@type\":\"ReadAction\",\"target\":[\"https:\/\/standard.md\/index.php?rest_route=%2Fwp%2Fv2%2Fpages%2F3151\"]}]},{\"@type\":\"BreadcrumbList\",\"@id\":\"https:\/\/standard.md\/?page_id=3151#breadcrumb\",\"itemListElement\":[{\"@type\":\"ListItem\",\"position\":1,\"name\":\"Prima pagin\u0103\",\"item\":\"https:\/\/standard.md\/\"},{\"@type\":\"ListItem\",\"position\":2,\"name\":\"Despre ISM\",\"item\":\"https:\/\/standard.md\/?page_id=3042\"},{\"@type\":\"ListItem\",\"position\":3,\"name\":\"Informa\u021bii generale\",\"item\":\"https:\/\/standard.md\/?page_id=3044\"},{\"@type\":\"ListItem\",\"position\":4,\"name\":\"Misiune viziune valori\"}]}]}<\/script>\n<!-- \/ Yoast SEO plugin. -->","yoast_head_json":{"title":"Misiune viziune valori - Standard","robots":{"index":"index","follow":"follow","max-snippet":"max-snippet:-1","max-image-preview":"max-image-preview:large","max-video-preview":"max-video-preview:-1"},"canonical":"https:\/\/standard.md\/?page_id=3151","og_locale":"ro_RO","og_type":"article","og_title":"Misiune viziune valori - Standard","og_description":"[vc_row full_width=&#8221;stretch_row_content&#8221; content_placement=&#8221;middle&#8221;][vc_column width=&#8221;1\/2&#8243; css=&#8221;.vc_custom_1643630972653{padding-top: 8vh !important;padding-bottom: 4vh !important;background-position: center !important;background-repeat: no-repeat !important;background-size: cover !important;}&#8221; mobile_bg_img_hidden=&#8221;no&#8221; tablet_bg_img_hidden=&#8221;no&#8221; woodmart_parallax=&#8221;0&#8243; woodmart_sticky_column=&#8221;false&#8221; parallax_scroll=&#8221;no&#8221;","og_url":"https:\/\/standard.md\/?page_id=3151","og_site_name":"Standard","article_modified_time":"2022-03-22T12:38:13+00:00","og_image":[{"width":1920,"height":1080,"url":"https:\/\/standard.md\/wp-content\/uploads\/2023\/05\/macheta-omenirea-comunica-prin-standarde.jpg","type":"image\/jpeg"}],"twitter_card":"summary_large_image","twitter_misc":{"Timp estimat pentru citire":"4 minute"},"schema":{"@context":"https:\/\/schema.org","@graph":[{"@type":"Organization","@id":"https:\/\/standard.md\/#organization","name":"ISM","url":"https:\/\/standard.md\/","sameAs":[],"logo":{"@type":"ImageObject","@id":"https:\/\/standard.md\/#logo","inLanguage":"ro-RO","url":"https:\/\/standard.md\/wp-content\/uploads\/2022\/09\/logo-ism.jpg","contentUrl":"https:\/\/standard.md\/wp-content\/uploads\/2022\/09\/logo-ism.jpg","width":200,"height":200,"caption":"ISM"},"image":{"@id":"https:\/\/standard.md\/#logo"}},{"@type":"WebSite","@id":"https:\/\/standard.md\/#website","url":"https:\/\/standard.md\/","name":"Standard","description":"Institutul de Standardizare din Moldova","publisher":{"@id":"https:\/\/standard.md\/#organization"},"potentialAction":[{"@type":"SearchAction","target":{"@type":"EntryPoint","urlTemplate":"https:\/\/standard.md\/?s={search_term_string}"},"query-input":"required name=search_term_string"}],"inLanguage":"ro-RO"},{"@type":"WebPage","@id":"https:\/\/standard.md\/?page_id=3151#webpage","url":"https:\/\/standard.md\/?page_id=3151","name":"Misiune viziune valori - Standard","isPartOf":{"@id":"https:\/\/standard.md\/#website"},"datePublished":"2020-06-10T01:25:26+00:00","dateModified":"2022-03-22T12:38:13+00:00","breadcrumb":{"@id":"https:\/\/standard.md\/?page_id=3151#breadcrumb"},"inLanguage":"ro-RO","potentialAction":[{"@type":"ReadAction","target":["https:\/\/standard.md\/index.php?rest_route=%2Fwp%2Fv2%2Fpages%2F3151"]}]},{"@type":"BreadcrumbList","@id":"https:\/\/standard.md\/?page_id=3151#breadcrumb","itemListElement":[{"@type":"ListItem","position":1,"name":"Prima pagin\u0103","item":"https:\/\/standard.md\/"},{"@type":"ListItem","position":2,"name":"Despre ISM","item":"https:\/\/standard.md\/?page_id=3042"},{"@type":"ListItem","position":3,"name":"Informa\u021bii generale","item":"https:\/\/standard.md\/?page_id=3044"},{"@type":"ListItem","position":4,"name":"Misiune viziune valori"}]}]}},"_links":{"self":[{"href":"https:\/\/standard.md\/index.php?rest_route=\/wp\/v2\/pages\/3151"}],"collection":[{"href":"https:\/\/standard.md\/index.php?rest_route=\/wp\/v2\/pages"}],"about":[{"href":"https:\/\/standard.md\/index.php?rest_route=\/wp\/v2\/types\/page"}],"author":[{"embeddable":true,"href":"https:\/\/standard.md\/index.php?rest_route=\/wp\/v2\/users\/3"}],"replies":[{"embeddable":true,"href":"https:\/\/standard.md\/index.php?rest_route=%2Fwp%2Fv2%2Fcomments&post=3151"}],"version-history":[{"count":13,"href":"https:\/\/standard.md\/index.php?rest_route=\/wp\/v2\/pages\/3151\/revisions"}],"predecessor-version":[{"id":7598,"href":"https:\/\/standard.md\/index.php?rest_route=\/wp\/v2\/pages\/3151\/revisions\/7598"}],"up":[{"embeddable":true,"href":"https:\/\/standard.md\/index.php?rest_route=\/wp\/v2\/pages\/3044"}],"wp:attachment":[{"href":"https:\/\/standard.md\/index.php?rest_route=%2Fwp%2Fv2%2Fmedia&parent=3151"}],"curies":[{"name":"wp","href":"https:\/\/api.w.org\/{rel}","templated":true}]}}