{"id":3251,"date":"2020-06-10T05:05:47","date_gmt":"2020-06-10T02:05:47","guid":{"rendered":"https:\/\/standard.md\/?page_id=3251"},"modified":"2026-03-17T14:24:18","modified_gmt":"2026-03-17T12:24:18","slug":"atributiile-consiliului","status":"publish","type":"page","link":"https:\/\/standard.md\/?page_id=3251","title":{"rendered":"Atribu\u021biile Consiliului"},"content":{"rendered":"<p>[vc_row][vc_column width=&#8221;7\/12&#8243;][\/vc_column][vc_column width=&#8221;5\/12&#8243;][\/vc_column][vc_column width=&#8221;7\/12&#8243;][vc_column_text text_larger=&#8221;no&#8221;]<\/p>\n<p style=\"font-weight: 400;\">Consiliul de standardizare are urm\u0103toarele atribu\u021bii:<\/p>\n<ul>\n<li>particip\u0103 la elaborarea politicii na\u021bionale de standardizare;<\/li>\n<li>aprob\u0103 documentele privind strategia de activitate a Institutului de Standardizare din Moldova;<\/li>\n<li>aprob\u0103 programul de standardizare na\u021bional\u0103;<\/li>\n<li>aprob\u0103 regulile de standardizare na\u021bional\u0103;<\/li>\n<li>aprob\u0103 rapoartele anuale privind activitatea Institutului de Standardizare din Moldova;<\/li>\n<li>aprob\u0103 procedura privind organizarea \u015fi desf\u0103\u0219urarea concursului pentru ocuparea func\u021biei de director al Institutului de Standardizare din Moldova;<\/li>\n<li>selecteaz\u0103 prin concurs public directorul Institutului de Standardizare din Moldova \u015fi \u00eel propune Ministerului Dezvolt\u0103rii Economice \u0219i Digitaliz\u0103rii spre numire.<\/li>\n<li>aprob\u0103 tarifele pentru serviciile prestate de Institutul de Standardizare din Moldova;<\/li>\n<li>alte atribu\u021bii ce rezult\u0103 din prevederile Legii nr.20\/2016 cu privire la standardizarea na\u021bional\u0103, prezentului regulament,\u00a0 regulilor de standardizare na\u021bional\u0103 \u0219i altor acte normative, cum ar fi:<\/li>\n<li>examineaz\u0103 \u0219i avizeaz\u0103 achizi\u021bionarea, acordarea \u00een loca\u021biune, leasing sau darea \u00een folosin\u021b\u0103 a bunurilor imobile aflate \u00een gestiunea Institutului de Standardizare din Moldova \u015fi prezint\u0103 propuneri Ministerului Dezvolt\u0103rii Economice \u0219i Digitaliz\u0103rii pentru aprobare;<\/li>\n<li>examineaz\u0103 restituirea\/transferarea la bugetul de stat a mijloacelor financiare alocate din bugetul de stat nevalorificate la data \u00eenchiderii anului bugetar, cu excep\u021bia mijloacelor financiare din surse proprii;<\/li>\n<li>examineaz\u0103, avizeaz\u0103 \u0219i prezint\u0103 propuneri la strategia sectorial\u0103 de cheltuieli \u00een contextul cadrului bugetar pe termen mediu \u0219i la bugetul anual de venituri \u015fi cheltuieli al Institutului de Standardizare din Moldova;<\/li>\n<li>examineaz\u0103 situa\u021biile financiare ale Institutului de Standardizare din Moldova \u0219i propune spre aprobare rapoartele privind executarea programelor bugetare;<\/li>\n<li>examineaz\u0103 rapoartele de audit, rapoartele financiare asupra execut\u0103rii bugetului de stat \u0219i adopt\u0103 decizii asupra constat\u0103rilor \u015fi concluziilor auditurilor\/controalelor;<\/li>\n<li>examineaz\u0103 politica de remunerare a angaja\u021bilor Institutului de Standardizare din Moldova.<\/li>\n<\/ul>\n<p>[\/vc_column_text][\/vc_column][vc_column width=&#8221;5\/12&#8243;][vc_single_image image=&#8221;3917&#8243; img_size=&#8221;large&#8221; parallax_scroll=&#8221;no&#8221;][\/vc_column][\/vc_row]<\/p>","protected":false},"excerpt":{"rendered":"<p>[vc_row][vc_column width=&#8221;7\/12&#8243;][\/vc_column][vc_column width=&#8221;5\/12&#8243;][\/vc_column][vc_column width=&#8221;7\/12&#8243;][vc_column_text text_larger=&#8221;no&#8221;] Consiliul de standardizare are urm\u0103toarele atribu\u021bii: particip\u0103 la elaborarea politicii na\u021bionale de standardizare; aprob\u0103 documentele<\/p>\n","protected":false},"author":3,"featured_media":0,"parent":3247,"menu_order":0,"comment_status":"closed","ping_status":"closed","template":"","meta":[],"yoast_head":"<!-- This site is optimized with the Yoast SEO plugin v18.1 - https:\/\/yoast.com\/wordpress\/plugins\/seo\/ -->\n<title>Atribu\u021biile Consiliului - Standard<\/title>\n<meta name=\"robots\" content=\"index, follow, max-snippet:-1, max-image-preview:large, max-video-preview:-1\" \/>\n<link rel=\"canonical\" href=\"https:\/\/standard.md\/?page_id=3251\" \/>\n<meta property=\"og:locale\" content=\"ro_RO\" \/>\n<meta property=\"og:type\" content=\"article\" \/>\n<meta property=\"og:title\" content=\"Atribu\u021biile Consiliului - Standard\" \/>\n<meta property=\"og:description\" content=\"[vc_row][vc_column width=&#8221;7\/12&#8243;][\/vc_column][vc_column width=&#8221;5\/12&#8243;][\/vc_column][vc_column width=&#8221;7\/12&#8243;][vc_column_text text_larger=&#8221;no&#8221;] Consiliul de standardizare are urm\u0103toarele atribu\u021bii: particip\u0103 la elaborarea politicii na\u021bionale de standardizare; aprob\u0103 documentele\" \/>\n<meta property=\"og:url\" content=\"https:\/\/standard.md\/?page_id=3251\" \/>\n<meta property=\"og:site_name\" content=\"Standard\" \/>\n<meta property=\"article:modified_time\" content=\"2026-03-17T12:24:18+00:00\" \/>\n<meta property=\"og:image\" content=\"https:\/\/standard.md\/wp-content\/uploads\/2023\/05\/macheta-omenirea-comunica-prin-standarde.jpg\" \/>\n\t<meta property=\"og:image:width\" content=\"1920\" \/>\n\t<meta property=\"og:image:height\" content=\"1080\" \/>\n\t<meta property=\"og:image:type\" content=\"image\/jpeg\" \/>\n<meta name=\"twitter:card\" content=\"summary_large_image\" \/>\n<meta name=\"twitter:label1\" content=\"Timp estimat pentru citire\" \/>\n\t<meta name=\"twitter:data1\" content=\"2 minute\" \/>\n<script type=\"application\/ld+json\" class=\"yoast-schema-graph\">{\"@context\":\"https:\/\/schema.org\",\"@graph\":[{\"@type\":\"Organization\",\"@id\":\"https:\/\/standard.md\/#organization\",\"name\":\"ISM\",\"url\":\"https:\/\/standard.md\/\",\"sameAs\":[],\"logo\":{\"@type\":\"ImageObject\",\"@id\":\"https:\/\/standard.md\/#logo\",\"inLanguage\":\"ro-RO\",\"url\":\"https:\/\/standard.md\/wp-content\/uploads\/2022\/09\/logo-ism.jpg\",\"contentUrl\":\"https:\/\/standard.md\/wp-content\/uploads\/2022\/09\/logo-ism.jpg\",\"width\":200,\"height\":200,\"caption\":\"ISM\"},\"image\":{\"@id\":\"https:\/\/standard.md\/#logo\"}},{\"@type\":\"WebSite\",\"@id\":\"https:\/\/standard.md\/#website\",\"url\":\"https:\/\/standard.md\/\",\"name\":\"Standard\",\"description\":\"Institutul de Standardizare din Moldova\",\"publisher\":{\"@id\":\"https:\/\/standard.md\/#organization\"},\"potentialAction\":[{\"@type\":\"SearchAction\",\"target\":{\"@type\":\"EntryPoint\",\"urlTemplate\":\"https:\/\/standard.md\/?s={search_term_string}\"},\"query-input\":\"required name=search_term_string\"}],\"inLanguage\":\"ro-RO\"},{\"@type\":\"WebPage\",\"@id\":\"https:\/\/standard.md\/?page_id=3251#webpage\",\"url\":\"https:\/\/standard.md\/?page_id=3251\",\"name\":\"Atribu\u021biile Consiliului - Standard\",\"isPartOf\":{\"@id\":\"https:\/\/standard.md\/#website\"},\"datePublished\":\"2020-06-10T02:05:47+00:00\",\"dateModified\":\"2026-03-17T12:24:18+00:00\",\"breadcrumb\":{\"@id\":\"https:\/\/standard.md\/?page_id=3251#breadcrumb\"},\"inLanguage\":\"ro-RO\",\"potentialAction\":[{\"@type\":\"ReadAction\",\"target\":[\"https:\/\/standard.md\/index.php?rest_route=%2Fwp%2Fv2%2Fpages%2F3251\"]}]},{\"@type\":\"BreadcrumbList\",\"@id\":\"https:\/\/standard.md\/?page_id=3251#breadcrumb\",\"itemListElement\":[{\"@type\":\"ListItem\",\"position\":1,\"name\":\"Prima pagin\u0103\",\"item\":\"https:\/\/standard.md\/\"},{\"@type\":\"ListItem\",\"position\":2,\"name\":\"\u0421\u0442\u0430\u043d\u0434\u0430\u0440\u0442\u0438\u0437\u0430\u0446\u0438\u044f\",\"item\":\"https:\/\/standard.md\/?page_id=3212\"},{\"@type\":\"ListItem\",\"position\":3,\"name\":\"\u0421\u043e\u0432\u0435\u0442 \u043f\u043e \u0441\u0442\u0430\u043d\u0434\u0430\u0440\u0442\u0438\u0437\u0430\u0446\u0438\u0438\",\"item\":\"https:\/\/standard.md\/?page_id=3247\"},{\"@type\":\"ListItem\",\"position\":4,\"name\":\"Atribu\u021biile Consiliului\"}]}]}<\/script>\n<!-- \/ Yoast SEO plugin. -->","yoast_head_json":{"title":"Atribu\u021biile Consiliului - Standard","robots":{"index":"index","follow":"follow","max-snippet":"max-snippet:-1","max-image-preview":"max-image-preview:large","max-video-preview":"max-video-preview:-1"},"canonical":"https:\/\/standard.md\/?page_id=3251","og_locale":"ro_RO","og_type":"article","og_title":"Atribu\u021biile Consiliului - Standard","og_description":"[vc_row][vc_column width=&#8221;7\/12&#8243;][\/vc_column][vc_column width=&#8221;5\/12&#8243;][\/vc_column][vc_column width=&#8221;7\/12&#8243;][vc_column_text text_larger=&#8221;no&#8221;] Consiliul de standardizare are urm\u0103toarele atribu\u021bii: particip\u0103 la elaborarea politicii na\u021bionale de standardizare; aprob\u0103 documentele","og_url":"https:\/\/standard.md\/?page_id=3251","og_site_name":"Standard","article_modified_time":"2026-03-17T12:24:18+00:00","og_image":[{"width":1920,"height":1080,"url":"https:\/\/standard.md\/wp-content\/uploads\/2023\/05\/macheta-omenirea-comunica-prin-standarde.jpg","type":"image\/jpeg"}],"twitter_card":"summary_large_image","twitter_misc":{"Timp estimat pentru citire":"2 minute"},"schema":{"@context":"https:\/\/schema.org","@graph":[{"@type":"Organization","@id":"https:\/\/standard.md\/#organization","name":"ISM","url":"https:\/\/standard.md\/","sameAs":[],"logo":{"@type":"ImageObject","@id":"https:\/\/standard.md\/#logo","inLanguage":"ro-RO","url":"https:\/\/standard.md\/wp-content\/uploads\/2022\/09\/logo-ism.jpg","contentUrl":"https:\/\/standard.md\/wp-content\/uploads\/2022\/09\/logo-ism.jpg","width":200,"height":200,"caption":"ISM"},"image":{"@id":"https:\/\/standard.md\/#logo"}},{"@type":"WebSite","@id":"https:\/\/standard.md\/#website","url":"https:\/\/standard.md\/","name":"Standard","description":"Institutul de Standardizare din Moldova","publisher":{"@id":"https:\/\/standard.md\/#organization"},"potentialAction":[{"@type":"SearchAction","target":{"@type":"EntryPoint","urlTemplate":"https:\/\/standard.md\/?s={search_term_string}"},"query-input":"required name=search_term_string"}],"inLanguage":"ro-RO"},{"@type":"WebPage","@id":"https:\/\/standard.md\/?page_id=3251#webpage","url":"https:\/\/standard.md\/?page_id=3251","name":"Atribu\u021biile Consiliului - Standard","isPartOf":{"@id":"https:\/\/standard.md\/#website"},"datePublished":"2020-06-10T02:05:47+00:00","dateModified":"2026-03-17T12:24:18+00:00","breadcrumb":{"@id":"https:\/\/standard.md\/?page_id=3251#breadcrumb"},"inLanguage":"ro-RO","potentialAction":[{"@type":"ReadAction","target":["https:\/\/standard.md\/index.php?rest_route=%2Fwp%2Fv2%2Fpages%2F3251"]}]},{"@type":"BreadcrumbList","@id":"https:\/\/standard.md\/?page_id=3251#breadcrumb","itemListElement":[{"@type":"ListItem","position":1,"name":"Prima pagin\u0103","item":"https:\/\/standard.md\/"},{"@type":"ListItem","position":2,"name":"\u0421\u0442\u0430\u043d\u0434\u0430\u0440\u0442\u0438\u0437\u0430\u0446\u0438\u044f","item":"https:\/\/standard.md\/?page_id=3212"},{"@type":"ListItem","position":3,"name":"\u0421\u043e\u0432\u0435\u0442 \u043f\u043e \u0441\u0442\u0430\u043d\u0434\u0430\u0440\u0442\u0438\u0437\u0430\u0446\u0438\u0438","item":"https:\/\/standard.md\/?page_id=3247"},{"@type":"ListItem","position":4,"name":"Atribu\u021biile Consiliului"}]}]}},"_links":{"self":[{"href":"https:\/\/standard.md\/index.php?rest_route=\/wp\/v2\/pages\/3251"}],"collection":[{"href":"https:\/\/standard.md\/index.php?rest_route=\/wp\/v2\/pages"}],"about":[{"href":"https:\/\/standard.md\/index.php?rest_route=\/wp\/v2\/types\/page"}],"author":[{"embeddable":true,"href":"https:\/\/standard.md\/index.php?rest_route=\/wp\/v2\/users\/3"}],"replies":[{"embeddable":true,"href":"https:\/\/standard.md\/index.php?rest_route=%2Fwp%2Fv2%2Fcomments&post=3251"}],"version-history":[{"count":5,"href":"https:\/\/standard.md\/index.php?rest_route=\/wp\/v2\/pages\/3251\/revisions"}],"predecessor-version":[{"id":13980,"href":"https:\/\/standard.md\/index.php?rest_route=\/wp\/v2\/pages\/3251\/revisions\/13980"}],"up":[{"embeddable":true,"href":"https:\/\/standard.md\/index.php?rest_route=\/wp\/v2\/pages\/3247"}],"wp:attachment":[{"href":"https:\/\/standard.md\/index.php?rest_route=%2Fwp%2Fv2%2Fmedia&parent=3251"}],"curies":[{"name":"wp","href":"https:\/\/api.w.org\/{rel}","templated":true}]}}