{"id":3289,"date":"2020-06-10T05:14:11","date_gmt":"2020-06-10T02:14:11","guid":{"rendered":"https:\/\/standard.md\/?page_id=3289"},"modified":"2022-02-15T13:33:50","modified_gmt":"2022-02-15T11:33:50","slug":"comercializarea-standardelor","status":"publish","type":"page","link":"https:\/\/standard.md\/?page_id=3289","title":{"rendered":"Comercializarea standardelor"},"content":{"rendered":"<p>Cu scopul de a sus\u021bine mediul de afaceri \u0219i de a \u00eembun\u0103t\u0103\u0163i capacitatea de func\u0163ionare a companiilor, Centrul Business Suport \u00een Standardizare V\u0103 ofer\u0103 informa\u021bii cu privire la:<\/p>\n<p>&nbsp;<\/p>\n<ul>\n<li><strong>modul de achizi\u021bionare a standardelor:<\/strong><\/li>\n<\/ul>\n<p><span style=\"font-weight: 400;\">Standardele pot fi procurate de la sediul ISM sau la distan\u021b\u0103. <\/span><span style=\"font-weight: 400;\">Consultan\u021bii CBSS v\u0103 vor oferi suportul necesar identificarea standardelor relevante activit\u0103\u021bii companiei Dvs.<\/span><\/p>\n<p>Pentru mai multe detalii, c\u00e2t \u0219i procurarea standardelor, accesa\u021bi linkul <u><a href=\"https:\/\/shop.standard.md\/ro\">e.shop<\/a><\/u> sau contacta\u021bi-ne la nr.: 022 90 53 07 sau 022 90 53 03.<\/p>\n<p>&nbsp;<\/p>\n<ul>\n<li><strong>verificarea statutului standardelor:<\/strong><\/li>\n<\/ul>\n<p>Serviciul dat V\u0103 ofer\u0103 posibilitatea de a V\u0103 informa cu privire la statutul standardului (anulat, valabil).<\/p>\n<p>Dac\u0103 dori\u021bi s\u0103 verifica\u021bi care sunt la moment standardele aplicabile \u0219i disponibile pentru domeniul \u00een care activeaz\u0103 compania Dvs., vizita\u021bi magazinul nostru on-line doar printr-un singur click pe <u><a href=\"https:\/\/shop.standard.md\/ro\">e.shop<\/a><\/u> sau apela\u021bi: 022 90 53 07 sau 022 90 53 03.<\/p>\n<p>&nbsp;<\/p>\n<ul>\n<li><strong>oferirea asisten\u021bei informa\u021bionale privind protejarea dreptului de autor:<\/strong><\/li>\n<\/ul>\n<p>Standardele s\u00eent lucr\u0103ri colective elaborate \u00een cadrul comitetelor tehnice (CT) la ini\u021biativa p\u0103r\u021bilor interesate \u0219i sub responsabilitatea organismului na\u021bional de standardizare care le public\u0103. Ele reflect\u0103 experien\u021ba \u0219i cuno\u0219tin\u021bele celor participan\u021bi la elaborare \u0219i \u00eencorporeaz\u0103 contribu\u021bia intelectual\u0103 a fiec\u0103ruia. Prin urmare, standardele sunt crea\u021bii \u2013 sub forma documenta\u021biilor \u0219tiin\u021bifice \u2013 protejate prin drepturi de autor \u00eenc\u0103 din faza de proiect.<\/p>\n<p>Conform articolului 16, alineatul 2 al Legii nr. 20 din 04.03.2016 cu privire la standardizarea na\u021bional\u0103, dreptul de publicare (editare) \u0219i difuzare a standardelor moldovene\u0219ti apar\u021bine organismului na\u021bional de standardizare (ONS). Totodat\u0103, conform art. 5, alin. 2 \u00een calitate de ONS este recunoscut Institutul de Standardizare din Moldova.<\/p>\n<p>Orice reproducere integral\u0103 sau par\u021bial\u0103, multiplicare \u0219i difuzare prin orice procedeu a standardelor sau a con\u021binutului altor publica\u021bii ale ISM, precum \u0219i traducerea sau crearea unei opere derivate, cad sub inciden\u021ba legisla\u021biei care protejeaz\u0103 dreptul de autor.<\/p>\n<p>Pentru mai multe detalii la subiect, accesa\u021bi:<\/p>\n<ul>\n<li><u><a href=\"https:\/\/standard.md\/public\/files\/2018\/POLITICA_DREPT_DE_AUTOR.pdf\">Politica privind dreptul de autor asupra standardelor<\/a>,<\/u><\/li>\n<li><u><a href=\"https:\/\/standard.md\/public\/files\/2018\/Strategia_dreptului_de_autor.pdf\">Strategia Institutului de Standardizare din Moldova privind protec\u021bia dreptului de autor asupra standardelor<\/a>.<\/u><\/li>\n<\/ul>\n<p>Pentru un suport informa\u021bional mai amplu, V\u0103 \u00eendemn\u0103m s\u0103 ne contacta\u021bi la nr.: 022 90 53 25.<\/p>","protected":false},"excerpt":{"rendered":"<p>Cu scopul de a sus\u021bine mediul de afaceri \u0219i de a \u00eembun\u0103t\u0103\u0163i capacitatea de func\u0163ionare a companiilor, Centrul Business Suport<\/p>\n","protected":false},"author":3,"featured_media":0,"parent":3216,"menu_order":0,"comment_status":"closed","ping_status":"closed","template":"","meta":[],"yoast_head":"<!-- This site is optimized with the Yoast SEO plugin v18.1 - https:\/\/yoast.com\/wordpress\/plugins\/seo\/ -->\n<title>Comercializarea standardelor - Standard<\/title>\n<meta name=\"robots\" content=\"index, follow, max-snippet:-1, max-image-preview:large, max-video-preview:-1\" \/>\n<link rel=\"canonical\" href=\"https:\/\/standard.md\/?page_id=3289\" \/>\n<meta property=\"og:locale\" content=\"ro_RO\" \/>\n<meta property=\"og:type\" content=\"article\" \/>\n<meta property=\"og:title\" content=\"Comercializarea standardelor - Standard\" \/>\n<meta property=\"og:description\" content=\"Cu scopul de a sus\u021bine mediul de afaceri \u0219i de a \u00eembun\u0103t\u0103\u0163i capacitatea de func\u0163ionare a companiilor, Centrul Business Suport\" \/>\n<meta property=\"og:url\" content=\"https:\/\/standard.md\/?page_id=3289\" \/>\n<meta property=\"og:site_name\" content=\"Standard\" \/>\n<meta property=\"article:modified_time\" content=\"2022-02-15T11:33:50+00:00\" \/>\n<meta property=\"og:image\" content=\"https:\/\/standard.md\/wp-content\/uploads\/2023\/05\/macheta-omenirea-comunica-prin-standarde.jpg\" \/>\n\t<meta property=\"og:image:width\" content=\"1920\" \/>\n\t<meta property=\"og:image:height\" content=\"1080\" \/>\n\t<meta property=\"og:image:type\" content=\"image\/jpeg\" \/>\n<meta name=\"twitter:card\" content=\"summary_large_image\" \/>\n<meta name=\"twitter:label1\" content=\"Timp estimat pentru citire\" \/>\n\t<meta name=\"twitter:data1\" content=\"2 minute\" \/>\n<script type=\"application\/ld+json\" class=\"yoast-schema-graph\">{\"@context\":\"https:\/\/schema.org\",\"@graph\":[{\"@type\":\"Organization\",\"@id\":\"https:\/\/standard.md\/#organization\",\"name\":\"ISM\",\"url\":\"https:\/\/standard.md\/\",\"sameAs\":[],\"logo\":{\"@type\":\"ImageObject\",\"@id\":\"https:\/\/standard.md\/#logo\",\"inLanguage\":\"ro-RO\",\"url\":\"https:\/\/standard.md\/wp-content\/uploads\/2022\/09\/logo-ism.jpg\",\"contentUrl\":\"https:\/\/standard.md\/wp-content\/uploads\/2022\/09\/logo-ism.jpg\",\"width\":200,\"height\":200,\"caption\":\"ISM\"},\"image\":{\"@id\":\"https:\/\/standard.md\/#logo\"}},{\"@type\":\"WebSite\",\"@id\":\"https:\/\/standard.md\/#website\",\"url\":\"https:\/\/standard.md\/\",\"name\":\"Standard\",\"description\":\"Institutul de Standardizare din Moldova\",\"publisher\":{\"@id\":\"https:\/\/standard.md\/#organization\"},\"potentialAction\":[{\"@type\":\"SearchAction\",\"target\":{\"@type\":\"EntryPoint\",\"urlTemplate\":\"https:\/\/standard.md\/?s={search_term_string}\"},\"query-input\":\"required name=search_term_string\"}],\"inLanguage\":\"ro-RO\"},{\"@type\":\"WebPage\",\"@id\":\"https:\/\/standard.md\/?page_id=3289#webpage\",\"url\":\"https:\/\/standard.md\/?page_id=3289\",\"name\":\"Comercializarea standardelor - Standard\",\"isPartOf\":{\"@id\":\"https:\/\/standard.md\/#website\"},\"datePublished\":\"2020-06-10T02:14:11+00:00\",\"dateModified\":\"2022-02-15T11:33:50+00:00\",\"breadcrumb\":{\"@id\":\"https:\/\/standard.md\/?page_id=3289#breadcrumb\"},\"inLanguage\":\"ro-RO\",\"potentialAction\":[{\"@type\":\"ReadAction\",\"target\":[\"https:\/\/standard.md\/index.php?rest_route=%2Fwp%2Fv2%2Fpages%2F3289\"]}]},{\"@type\":\"BreadcrumbList\",\"@id\":\"https:\/\/standard.md\/?page_id=3289#breadcrumb\",\"itemListElement\":[{\"@type\":\"ListItem\",\"position\":1,\"name\":\"Prima pagin\u0103\",\"item\":\"https:\/\/standard.md\/\"},{\"@type\":\"ListItem\",\"position\":2,\"name\":\"\u0421\u0435\u0440\u0432\u0438\u0441\u044b\",\"item\":\"https:\/\/standard.md\/?page_id=3216\"},{\"@type\":\"ListItem\",\"position\":3,\"name\":\"\u041f\u0440\u043e\u0434\u0430\u0436\u0430 \u0441\u0442\u0430\u043d\u0434\u0430\u0440\u0434\u043e\u0432\"}]}]}<\/script>\n<!-- \/ Yoast SEO plugin. -->","yoast_head_json":{"title":"Comercializarea standardelor - Standard","robots":{"index":"index","follow":"follow","max-snippet":"max-snippet:-1","max-image-preview":"max-image-preview:large","max-video-preview":"max-video-preview:-1"},"canonical":"https:\/\/standard.md\/?page_id=3289","og_locale":"ro_RO","og_type":"article","og_title":"Comercializarea standardelor - Standard","og_description":"Cu scopul de a sus\u021bine mediul de afaceri \u0219i de a \u00eembun\u0103t\u0103\u0163i capacitatea de func\u0163ionare a companiilor, Centrul Business Suport","og_url":"https:\/\/standard.md\/?page_id=3289","og_site_name":"Standard","article_modified_time":"2022-02-15T11:33:50+00:00","og_image":[{"width":1920,"height":1080,"url":"https:\/\/standard.md\/wp-content\/uploads\/2023\/05\/macheta-omenirea-comunica-prin-standarde.jpg","type":"image\/jpeg"}],"twitter_card":"summary_large_image","twitter_misc":{"Timp estimat pentru citire":"2 minute"},"schema":{"@context":"https:\/\/schema.org","@graph":[{"@type":"Organization","@id":"https:\/\/standard.md\/#organization","name":"ISM","url":"https:\/\/standard.md\/","sameAs":[],"logo":{"@type":"ImageObject","@id":"https:\/\/standard.md\/#logo","inLanguage":"ro-RO","url":"https:\/\/standard.md\/wp-content\/uploads\/2022\/09\/logo-ism.jpg","contentUrl":"https:\/\/standard.md\/wp-content\/uploads\/2022\/09\/logo-ism.jpg","width":200,"height":200,"caption":"ISM"},"image":{"@id":"https:\/\/standard.md\/#logo"}},{"@type":"WebSite","@id":"https:\/\/standard.md\/#website","url":"https:\/\/standard.md\/","name":"Standard","description":"Institutul de Standardizare din Moldova","publisher":{"@id":"https:\/\/standard.md\/#organization"},"potentialAction":[{"@type":"SearchAction","target":{"@type":"EntryPoint","urlTemplate":"https:\/\/standard.md\/?s={search_term_string}"},"query-input":"required name=search_term_string"}],"inLanguage":"ro-RO"},{"@type":"WebPage","@id":"https:\/\/standard.md\/?page_id=3289#webpage","url":"https:\/\/standard.md\/?page_id=3289","name":"Comercializarea standardelor - Standard","isPartOf":{"@id":"https:\/\/standard.md\/#website"},"datePublished":"2020-06-10T02:14:11+00:00","dateModified":"2022-02-15T11:33:50+00:00","breadcrumb":{"@id":"https:\/\/standard.md\/?page_id=3289#breadcrumb"},"inLanguage":"ro-RO","potentialAction":[{"@type":"ReadAction","target":["https:\/\/standard.md\/index.php?rest_route=%2Fwp%2Fv2%2Fpages%2F3289"]}]},{"@type":"BreadcrumbList","@id":"https:\/\/standard.md\/?page_id=3289#breadcrumb","itemListElement":[{"@type":"ListItem","position":1,"name":"Prima pagin\u0103","item":"https:\/\/standard.md\/"},{"@type":"ListItem","position":2,"name":"\u0421\u0435\u0440\u0432\u0438\u0441\u044b","item":"https:\/\/standard.md\/?page_id=3216"},{"@type":"ListItem","position":3,"name":"\u041f\u0440\u043e\u0434\u0430\u0436\u0430 \u0441\u0442\u0430\u043d\u0434\u0430\u0440\u0434\u043e\u0432"}]}]}},"_links":{"self":[{"href":"https:\/\/standard.md\/index.php?rest_route=\/wp\/v2\/pages\/3289"}],"collection":[{"href":"https:\/\/standard.md\/index.php?rest_route=\/wp\/v2\/pages"}],"about":[{"href":"https:\/\/standard.md\/index.php?rest_route=\/wp\/v2\/types\/page"}],"author":[{"embeddable":true,"href":"https:\/\/standard.md\/index.php?rest_route=\/wp\/v2\/users\/3"}],"replies":[{"embeddable":true,"href":"https:\/\/standard.md\/index.php?rest_route=%2Fwp%2Fv2%2Fcomments&post=3289"}],"version-history":[{"count":8,"href":"https:\/\/standard.md\/index.php?rest_route=\/wp\/v2\/pages\/3289\/revisions"}],"predecessor-version":[{"id":7361,"href":"https:\/\/standard.md\/index.php?rest_route=\/wp\/v2\/pages\/3289\/revisions\/7361"}],"up":[{"embeddable":true,"href":"https:\/\/standard.md\/index.php?rest_route=\/wp\/v2\/pages\/3216"}],"wp:attachment":[{"href":"https:\/\/standard.md\/index.php?rest_route=%2Fwp%2Fv2%2Fmedia&parent=3289"}],"curies":[{"name":"wp","href":"https:\/\/api.w.org\/{rel}","templated":true}]}}