{"id":6660,"date":"2021-11-24T11:34:38","date_gmt":"2021-11-24T09:34:38","guid":{"rendered":"https:\/\/standard.md\/?page_id=6660"},"modified":"2026-03-17T09:47:03","modified_gmt":"2026-03-17T07:47:03","slug":"stagiu-de-practica","status":"publish","type":"page","link":"https:\/\/standard.md\/?page_id=6660","title":{"rendered":"Stagiu de practic\u0103"},"content":{"rendered":"<p>[vc_row mobile_bg_img_hidden=&#8221;no&#8221; tablet_bg_img_hidden=&#8221;no&#8221; woodmart_parallax=&#8221;0&#8243; woodmart_gradient_switch=&#8221;no&#8221; row_reverse_mobile=&#8221;0&#8243; row_reverse_tablet=&#8221;0&#8243; woodmart_disable_overflow=&#8221;0&#8243;][vc_column][vc_separator]\t\t\t<div class=\"info-box-wrapper \">\n\t\t\t\t<div id=\"wd-69b9067531fc9\" class=\" woodmart-info-box text-left box-icon-align-top box-style- color-scheme- woodmart-bg-none box-title-default \"  >\n\t\t\t\t\t\t\t\t\t\t<div class=\"info-box-content\">\n\t\t\t\t\t\t\t\t\t\t\t\t<div class=\"info-box-inner reset-mb-10\">\n\t\t\t\t\t\t\t<p>STAGIUL DE PRACTIC\u0102 reprezint\u0103 o modalitate prin care Institutul de Standardizare din Moldova (ISM) sprijin\u0103 studen\u021bii \u00een vederea preg\u0103tirii lor practice, reprezent\u00e2nd un prim pas de \u00eencredere \u00een carier\u0103.<\/p>\n<p>Stagierea \u00een cadrul ISM este destinat\u0103 adreseaz\u0103 elevilor (centre de excelen\u021b\u0103, colegii, \u0219coli profesionale) \u0219i studen\u0163ilor de diferite niveluri de \u00eenv\u0103\u021b\u0103m\u00e2nt (licen\u021b\u0103, master etc.) specializa\u0163i \u00een domenii precum: standardizare, audit, economie, management, specialit\u0103\u021bi cu profil ingineresc, comunicare, marketing \u0219i alte domenii relevante.<\/p>\n<p><strong>\u00a0<\/strong><\/p>\n<p><strong>Scop:\u00a0<\/strong><\/p>\n<p>Consolidarea cuno\u015ftin\u0163elor teoretice \u015fi formarea abilit\u0103\u0163ilor practice \u00een domeniul solicitat.<\/p>\n<p>Durata stagiului de practic\u0103 este prestabilit\u0103 de universitate.<\/p>\n<p><strong>\u00a0<\/strong><\/p>\n<p><strong>Avantaje:<\/strong><\/p>\n<p>&#8211; Aplicarea \u00een practic\u0103 a cuno\u015ftin\u0163elor teoretice studiate \u00een institu\u021biile de \u00eenv\u0103\u021b\u0103m\u00e2nt \u0219i formarea abilit\u0103\u021bilor primare \u00een domeniul de specialitate;<\/p>\n<p>&#8211; Acumularea de noi cuno\u015ftin\u0163e \u00een domeniul vizat;<\/p>\n<p>&#8211; Oportunitatea de angajare \u00een conformitate cu prevederile legisla\u021biei \u00een vigoare \u00een cadrul ISM;<\/p>\n<p>&#8211; Colectiv de speciali\u0219ti profesioni\u0219ti, ambi\u021bio\u0219i, progresivi \u0219i axa\u021bi pe comunicare liber\u0103.<\/p>\n<p><strong>\u00a0<\/strong><\/p>\n<p><strong>Cerin\u0163e:<\/strong><\/p>\n<p>&#8211; Elev\/student \u00een domeniile de referin\u021b\u0103 ale ISM;<\/p>\n<p>&#8211; Dorin\u0163\u0103 de instruire;<\/p>\n<p>&#8211; Responsabilitate.<\/p>\n<p><strong>\u00a0<\/strong><\/p>\n<p><strong>Condi\u0163ii de aplicare:<\/strong><\/p>\n<p>Pentru a aplica la stagiul de practic\u0103 este necesar s\u0103 expedia\u021bi <a href=\"https:\/\/standard.md\/wp-content\/uploads\/2026\/03\/F-09.14-Formular-de-solicitare-a-desfasurarii-stagiului-de-practica-in-cadrul-ISM.-Revizia-4.pdf\">Formularul de solicitare a desf\u0103\u0219ur\u0103rii stagiului de practic\u0103<\/a> la adresa de e-mail: <a href=\"mailto:tatiana.crotic@standard.md\">tatiana.crotic@standard.md<\/a>, cu indicarea temei scrisorii \u201eStagii de practic\u0103\u201d, urm\u00e2nd etapele expuse mai jos.<\/p>\n<p><strong>\u00a0<\/strong><\/p>\n<p><strong>Etape de aplicare:<\/strong><\/p>\n<p>&#8211; Completarea formularului\u00a0\u0219i expedierea acestuia prin email\/po\u0219t\u0103 sau prezentat direct la institu\u021bie;<\/p>\n<p>&#8211; Semnarea contractului cu institu\u021bia de \u00eenv\u0103\u021b\u0103m\u00e2nt privind efectuarea stagiului de practic\u0103.<\/p>\n<p>Persoana de contact: <strong>Tatiana Crotic, <\/strong><strong>\u0218ef Departament Comunicare \u0219i Rela\u021bii Externe<\/strong><\/p>\n<p>Telefon de contact:\u00a0022\u00a0905 320<\/p>\n<p>e-mail:\u00a0<a href=\"mailto:tatiana.crotic@standard.md\">tatiana.crotic@standard.md<\/a><\/p>\n<p>mun. Chi\u015fin\u0103u, str. E.Coca, 28<\/p>\n\t\t\t\t\t\t<\/div>\n\n\t\t\t\t\t\t\t\t\t\t\t\t\n\t\t\t\t\t<\/div>\n\n\t\t\t\t\t\t\t\t\t<\/div>\n\t\t\t<\/div>\n\t\t[\/vc_column][\/vc_row]<\/p>","protected":false},"excerpt":{"rendered":"<p>[vc_row mobile_bg_img_hidden=&#8221;no&#8221; tablet_bg_img_hidden=&#8221;no&#8221; woodmart_parallax=&#8221;0&#8243; woodmart_gradient_switch=&#8221;no&#8221; row_reverse_mobile=&#8221;0&#8243; row_reverse_tablet=&#8221;0&#8243; woodmart_disable_overflow=&#8221;0&#8243;][vc_column][vc_separator][\/vc_column][\/vc_row]<\/p>\n","protected":false},"author":7,"featured_media":0,"parent":3042,"menu_order":0,"comment_status":"closed","ping_status":"closed","template":"maintenance.php","meta":[],"yoast_head":"<!-- This site is optimized with the Yoast SEO plugin v18.1 - https:\/\/yoast.com\/wordpress\/plugins\/seo\/ -->\n<title>Stagiu de practic\u0103 - Standard<\/title>\n<meta name=\"robots\" content=\"index, follow, max-snippet:-1, max-image-preview:large, max-video-preview:-1\" \/>\n<link rel=\"canonical\" href=\"https:\/\/standard.md\/?page_id=6660\" \/>\n<meta property=\"og:locale\" content=\"ro_RO\" \/>\n<meta property=\"og:type\" content=\"article\" \/>\n<meta property=\"og:title\" content=\"Stagiu de practic\u0103 - Standard\" \/>\n<meta property=\"og:description\" content=\"[vc_row mobile_bg_img_hidden=&#8221;no&#8221; tablet_bg_img_hidden=&#8221;no&#8221; woodmart_parallax=&#8221;0&#8243; woodmart_gradient_switch=&#8221;no&#8221; row_reverse_mobile=&#8221;0&#8243; row_reverse_tablet=&#8221;0&#8243; woodmart_disable_overflow=&#8221;0&#8243;][vc_column][vc_separator][\/vc_column][\/vc_row]\" \/>\n<meta property=\"og:url\" content=\"https:\/\/standard.md\/?page_id=6660\" \/>\n<meta property=\"og:site_name\" content=\"Standard\" \/>\n<meta property=\"article:modified_time\" content=\"2026-03-17T07:47:03+00:00\" \/>\n<meta property=\"og:image\" content=\"https:\/\/standard.md\/wp-content\/uploads\/2023\/05\/macheta-omenirea-comunica-prin-standarde.jpg\" \/>\n\t<meta property=\"og:image:width\" content=\"1920\" \/>\n\t<meta property=\"og:image:height\" content=\"1080\" \/>\n\t<meta property=\"og:image:type\" content=\"image\/jpeg\" \/>\n<meta name=\"twitter:card\" content=\"summary_large_image\" \/>\n<meta name=\"twitter:label1\" content=\"Timp estimat pentru citire\" \/>\n\t<meta name=\"twitter:data1\" content=\"2 minute\" \/>\n<script type=\"application\/ld+json\" class=\"yoast-schema-graph\">{\"@context\":\"https:\/\/schema.org\",\"@graph\":[{\"@type\":\"Organization\",\"@id\":\"https:\/\/standard.md\/#organization\",\"name\":\"ISM\",\"url\":\"https:\/\/standard.md\/\",\"sameAs\":[],\"logo\":{\"@type\":\"ImageObject\",\"@id\":\"https:\/\/standard.md\/#logo\",\"inLanguage\":\"ro-RO\",\"url\":\"https:\/\/standard.md\/wp-content\/uploads\/2022\/09\/logo-ism.jpg\",\"contentUrl\":\"https:\/\/standard.md\/wp-content\/uploads\/2022\/09\/logo-ism.jpg\",\"width\":200,\"height\":200,\"caption\":\"ISM\"},\"image\":{\"@id\":\"https:\/\/standard.md\/#logo\"}},{\"@type\":\"WebSite\",\"@id\":\"https:\/\/standard.md\/#website\",\"url\":\"https:\/\/standard.md\/\",\"name\":\"Standard\",\"description\":\"Institutul de Standardizare din Moldova\",\"publisher\":{\"@id\":\"https:\/\/standard.md\/#organization\"},\"potentialAction\":[{\"@type\":\"SearchAction\",\"target\":{\"@type\":\"EntryPoint\",\"urlTemplate\":\"https:\/\/standard.md\/?s={search_term_string}\"},\"query-input\":\"required name=search_term_string\"}],\"inLanguage\":\"ro-RO\"},{\"@type\":\"WebPage\",\"@id\":\"https:\/\/standard.md\/?page_id=6660#webpage\",\"url\":\"https:\/\/standard.md\/?page_id=6660\",\"name\":\"Stagiu de practic\u0103 - Standard\",\"isPartOf\":{\"@id\":\"https:\/\/standard.md\/#website\"},\"datePublished\":\"2021-11-24T09:34:38+00:00\",\"dateModified\":\"2026-03-17T07:47:03+00:00\",\"breadcrumb\":{\"@id\":\"https:\/\/standard.md\/?page_id=6660#breadcrumb\"},\"inLanguage\":\"ro-RO\",\"potentialAction\":[{\"@type\":\"ReadAction\",\"target\":[\"https:\/\/standard.md\/index.php?rest_route=%2Fwp%2Fv2%2Fpages%2F6660\"]}]},{\"@type\":\"BreadcrumbList\",\"@id\":\"https:\/\/standard.md\/?page_id=6660#breadcrumb\",\"itemListElement\":[{\"@type\":\"ListItem\",\"position\":1,\"name\":\"Prima pagin\u0103\",\"item\":\"https:\/\/standard.md\/\"},{\"@type\":\"ListItem\",\"position\":2,\"name\":\"Despre ISM\",\"item\":\"https:\/\/standard.md\/?page_id=3042\"},{\"@type\":\"ListItem\",\"position\":3,\"name\":\"Stagiu de practic\u0103\"}]}]}<\/script>\n<!-- \/ Yoast SEO plugin. -->","yoast_head_json":{"title":"Stagiu de practic\u0103 - Standard","robots":{"index":"index","follow":"follow","max-snippet":"max-snippet:-1","max-image-preview":"max-image-preview:large","max-video-preview":"max-video-preview:-1"},"canonical":"https:\/\/standard.md\/?page_id=6660","og_locale":"ro_RO","og_type":"article","og_title":"Stagiu de practic\u0103 - Standard","og_description":"[vc_row mobile_bg_img_hidden=&#8221;no&#8221; tablet_bg_img_hidden=&#8221;no&#8221; woodmart_parallax=&#8221;0&#8243; woodmart_gradient_switch=&#8221;no&#8221; row_reverse_mobile=&#8221;0&#8243; row_reverse_tablet=&#8221;0&#8243; woodmart_disable_overflow=&#8221;0&#8243;][vc_column][vc_separator][\/vc_column][\/vc_row]","og_url":"https:\/\/standard.md\/?page_id=6660","og_site_name":"Standard","article_modified_time":"2026-03-17T07:47:03+00:00","og_image":[{"width":1920,"height":1080,"url":"https:\/\/standard.md\/wp-content\/uploads\/2023\/05\/macheta-omenirea-comunica-prin-standarde.jpg","type":"image\/jpeg"}],"twitter_card":"summary_large_image","twitter_misc":{"Timp estimat pentru citire":"2 minute"},"schema":{"@context":"https:\/\/schema.org","@graph":[{"@type":"Organization","@id":"https:\/\/standard.md\/#organization","name":"ISM","url":"https:\/\/standard.md\/","sameAs":[],"logo":{"@type":"ImageObject","@id":"https:\/\/standard.md\/#logo","inLanguage":"ro-RO","url":"https:\/\/standard.md\/wp-content\/uploads\/2022\/09\/logo-ism.jpg","contentUrl":"https:\/\/standard.md\/wp-content\/uploads\/2022\/09\/logo-ism.jpg","width":200,"height":200,"caption":"ISM"},"image":{"@id":"https:\/\/standard.md\/#logo"}},{"@type":"WebSite","@id":"https:\/\/standard.md\/#website","url":"https:\/\/standard.md\/","name":"Standard","description":"Institutul de Standardizare din Moldova","publisher":{"@id":"https:\/\/standard.md\/#organization"},"potentialAction":[{"@type":"SearchAction","target":{"@type":"EntryPoint","urlTemplate":"https:\/\/standard.md\/?s={search_term_string}"},"query-input":"required name=search_term_string"}],"inLanguage":"ro-RO"},{"@type":"WebPage","@id":"https:\/\/standard.md\/?page_id=6660#webpage","url":"https:\/\/standard.md\/?page_id=6660","name":"Stagiu de practic\u0103 - Standard","isPartOf":{"@id":"https:\/\/standard.md\/#website"},"datePublished":"2021-11-24T09:34:38+00:00","dateModified":"2026-03-17T07:47:03+00:00","breadcrumb":{"@id":"https:\/\/standard.md\/?page_id=6660#breadcrumb"},"inLanguage":"ro-RO","potentialAction":[{"@type":"ReadAction","target":["https:\/\/standard.md\/index.php?rest_route=%2Fwp%2Fv2%2Fpages%2F6660"]}]},{"@type":"BreadcrumbList","@id":"https:\/\/standard.md\/?page_id=6660#breadcrumb","itemListElement":[{"@type":"ListItem","position":1,"name":"Prima pagin\u0103","item":"https:\/\/standard.md\/"},{"@type":"ListItem","position":2,"name":"Despre ISM","item":"https:\/\/standard.md\/?page_id=3042"},{"@type":"ListItem","position":3,"name":"Stagiu de practic\u0103"}]}]}},"_links":{"self":[{"href":"https:\/\/standard.md\/index.php?rest_route=\/wp\/v2\/pages\/6660"}],"collection":[{"href":"https:\/\/standard.md\/index.php?rest_route=\/wp\/v2\/pages"}],"about":[{"href":"https:\/\/standard.md\/index.php?rest_route=\/wp\/v2\/types\/page"}],"author":[{"embeddable":true,"href":"https:\/\/standard.md\/index.php?rest_route=\/wp\/v2\/users\/7"}],"replies":[{"embeddable":true,"href":"https:\/\/standard.md\/index.php?rest_route=%2Fwp%2Fv2%2Fcomments&post=6660"}],"version-history":[{"count":13,"href":"https:\/\/standard.md\/index.php?rest_route=\/wp\/v2\/pages\/6660\/revisions"}],"predecessor-version":[{"id":13969,"href":"https:\/\/standard.md\/index.php?rest_route=\/wp\/v2\/pages\/6660\/revisions\/13969"}],"up":[{"embeddable":true,"href":"https:\/\/standard.md\/index.php?rest_route=\/wp\/v2\/pages\/3042"}],"wp:attachment":[{"href":"https:\/\/standard.md\/index.php?rest_route=%2Fwp%2Fv2%2Fmedia&parent=6660"}],"curies":[{"name":"wp","href":"https:\/\/api.w.org\/{rel}","templated":true}]}}